{"id":47394,"date":"2023-11-14T11:18:38","date_gmt":"2023-11-14T10:18:38","guid":{"rendered":"https:\/\/www.ecodestockage.fr\/confidentialite-et-cookies\/"},"modified":"2024-01-12T16:05:35","modified_gmt":"2024-01-12T15:05:35","slug":"politica-de-privacidad-y-cookies","status":"publish","type":"page","link":"https:\/\/www.ecodestockage.fr\/es\/politica-de-privacidad-y-cookies\/","title":{"rendered":"Pol\u00edtica de privacidad y cookies"},"content":{"rendered":"\t\t<div data-elementor-type=\"wp-page\" data-elementor-id=\"47394\" class=\"elementor elementor-47394 elementor-47048\" data-elementor-post-type=\"page\">\n\t\t\t\t\t\t<section class=\"elementor-section elementor-top-section elementor-element elementor-element-6abe12c elementor-section-stretched elementor-section-boxed elementor-section-height-default elementor-section-height-default\" data-id=\"6abe12c\" data-element_type=\"section\" data-settings=\"{&quot;stretch_section&quot;:&quot;section-stretched&quot;,&quot;background_background&quot;:&quot;classic&quot;}\">\n\t\t\t\t\t\t<div class=\"elementor-container elementor-column-gap-default\">\n\t\t\t\t\t<div class=\"elementor-column elementor-col-100 elementor-top-column elementor-element elementor-element-f6d0053\" data-id=\"f6d0053\" data-element_type=\"column\">\n\t\t\t<div class=\"elementor-widget-wrap elementor-element-populated\">\n\t\t\t\t\t\t<div class=\"elementor-element elementor-element-35f5925 elementor-widget elementor-widget-heading\" data-id=\"35f5925\" data-element_type=\"widget\" data-widget_type=\"heading.default\">\n\t\t\t\t<div class=\"elementor-widget-container\">\n\t\t\t<h1 class=\"elementor-heading-title elementor-size-default\">Privacidad y cookies<\/h1>\t\t<\/div>\n\t\t\t\t<\/div>\n\t\t\t\t<div class=\"elementor-element elementor-element-166cdb8 elementor-widget-divider--view-line elementor-widget elementor-widget-divider\" data-id=\"166cdb8\" data-element_type=\"widget\" data-widget_type=\"divider.default\">\n\t\t\t\t<div class=\"elementor-widget-container\">\n\t\t\t\t\t<div class=\"elementor-divider\">\n\t\t\t<span class=\"elementor-divider-separator\">\n\t\t\t\t\t\t<\/span>\n\t\t<\/div>\n\t\t\t\t<\/div>\n\t\t\t\t<\/div>\n\t\t\t\t\t<\/div>\n\t\t<\/div>\n\t\t\t\t\t<\/div>\n\t\t<\/section>\n\t\t\t\t<section class=\"elementor-section elementor-top-section elementor-element elementor-element-f00e1e6 elementor-section-boxed elementor-section-height-default elementor-section-height-default\" data-id=\"f00e1e6\" data-element_type=\"section\">\n\t\t\t\t\t\t<div class=\"elementor-container elementor-column-gap-default\">\n\t\t\t\t\t<div class=\"elementor-column elementor-col-100 elementor-top-column elementor-element elementor-element-add3f83\" data-id=\"add3f83\" data-element_type=\"column\">\n\t\t\t<div class=\"elementor-widget-wrap elementor-element-populated\">\n\t\t\t\t\t\t<div class=\"elementor-element elementor-element-a1b35b4 elementor-widget elementor-widget-text-editor\" data-id=\"a1b35b4\" data-element_type=\"widget\" data-widget_type=\"text-editor.default\">\n\t\t\t\t<div class=\"elementor-widget-container\">\n\t\t\t\t\t\t\t<h2>1.1 &#8211; Pol\u00edtica de cookies<\/h2><h3>1.1.1 &#8211; \u00bfQu\u00e9 es una cookie?<\/h3><p>Una \u00abcookie\u00bb es un archivo de tama\u00f1o limitado, generalmente formado por letras y n\u00fameros, enviado por el servidor web al archivo de cookies del navegador situado en el disco duro de su ordenador.<\/p><p>Para saber m\u00e1s sobre las cookies, siga este <a href=\"https:\/\/www.cnil.fr\/fr\/cookies-et-autres-traceurs\/comment-se-proteger\/maitriser-votre-navigateur\">enlace<\/a> de la CNIL. En \u00e9l encontrar\u00e1 informaci\u00f3n sobre c\u00f3mo configurar y bloquear las cookies si lo desea a trav\u00e9s de su navegador.<\/p><h5 style=\"margin-bottom: 20px;\">Gesti\u00f3n de las preferencias de cookies<\/h5><p><button class=\"cky-banner-element\">Modificar las preferencias de cookies<\/button><\/p><h3>1.1.2 &#8211; LOS DIFERENTES TIPOS DE COOKIES<\/h3><div><p>Estas cookies est\u00e1n sujetas a cambios. Nos esforzamos por actualizar peri\u00f3dicamente la lista de cookies identificadas en nuestro sitio.<\/p><p><strong>Necesarias\/Esenciales:<\/strong> Algunas cookies son esenciales para que usted pueda beneficiarse de todas las funciones de nuestro sitio. Nos permiten mantener las sesiones de los usuarios y prevenir las amenazas a la seguridad. No recogen ni almacenan ninguna informaci\u00f3n personal. Por ejemplo, estas cookies le permiten iniciar sesi\u00f3n en su cuenta, a\u00f1adir productos a su cesta de la compra y realizar el pago de forma segura.<br \/><br \/><strong>No necesarias:<\/strong> Todas las cookies que no son especialmente necesarias para el funcionamiento del sitio web y que se utilizan espec\u00edficamente para recopilar datos personales del usuario a trav\u00e9s de an\u00e1lisis, publicidad y otros contenidos integrados se denominan cookies no necesarias. Es obligatorio obtener el consentimiento del usuario antes de utilizar estas cookies en su sitio web.<br \/><br \/><strong>Anal\u00edticas\/estad\u00edsticas:<\/strong> Estas cookies almacenan informaci\u00f3n como el n\u00famero de visitantes del sitio web, el n\u00famero de visitantes \u00fanicos, qu\u00e9 p\u00e1ginas del sitio web se han visitado, el origen de la visita, etc. Estos datos nos ayudan a comprender y mejorar nuestro sitio web. Estos datos nos ayudan a comprender y analizar el rendimiento del sitio web y los aspectos susceptibles de mejora.<\/p><\/div><div>\u00a0<\/div><div>Publicidad\/Marketing: Estas cookies se utilizan para personalizar los anuncios que le mostramos para que sean significativos para usted. La informaci\u00f3n almacenada en estas cookies tambi\u00e9n puede ser utilizada por terceros proveedores de publicidad para mostrarle anuncios en otros sitios web tambi\u00e9n en el navegador.<br \/><br \/><strong>Funcionales:<\/strong> Son las cookies que ayudan a determinadas funciones no esenciales de nuestro sitio web. Estas funciones incluyen la integraci\u00f3n de contenidos como v\u00eddeos o compartir contenidos del sitio web en plataformas de medios sociales.<br \/><br \/><strong>Preferencias:<\/strong> estas cookies nos ayudan a almacenar su configuraci\u00f3n y preferencias de navegaci\u00f3n, como las preferencias de idioma, para que tenga una experiencia mejor y m\u00e1s eficiente en futuras visitas al sitio web.<br \/><br \/><strong>Rendimiento:<\/strong> las cookies de rendimiento se utilizan para comprender y analizar los \u00edndices de rendimiento clave del sitio web, esto permite ofrecer una mejor experiencia de usuario a los visitantes.<br \/><br \/><strong>Otras:<\/strong> Las otras cookies no categorizadas son aquellas que son de an\u00e1lisis actual y que a\u00fan no han sido clasificadas en una categor\u00eda.<\/div><div>\u00a0<\/div><h5>Tipos de cookies que utilizamos<\/h5><div class=\"cky-audit-table-element\">\u00a0<\/div><h2>1.2 &#8211; Pol\u00edtica de protecci\u00f3n de datos personales<\/h2><h3>1.2.1 &#8211; \u00bfQui\u00e9n es responsable del tratamiento de mis datos personales?<\/h3><p>Los datos personales recogidos en el sitio web www.ecodestockage.fr son tratados por :<\/p><p>Fabrice Bigeard<br \/>ECO DESTOCKAGE<br \/>105 Route d\u2019Aix les Bains<br \/>74150 RUMILLY<\/p><p>contact@ecodestockage.fr<br \/>06 62 55 70 03<\/p><p>El responsable del tratamiento de los datos personales recogidos se denominar\u00e1 en lo sucesivo \u00abECO DESTOCKAGE\u00bb.<\/p><h3>1.2.2 &#8211; \u00bfPor qu\u00e9 recogemos sus datos personales?<\/h3><p>Los datos recogidos a trav\u00e9s del sitio web (formulario de contacto para concertar una cita, registro en el bolet\u00edn, contacto en redes sociales, creaci\u00f3n de una cuenta) s\u00f3lo se utilizar\u00e1n con fines comerciales con el acuerdo expl\u00edcito del propietario de esta informaci\u00f3n. Por ejemplo: acuerdo con la GTCU al solicitar el contacto.<\/p><p>Por lo que respecta al formulario de contacto, al rellenarlo acepta que los datos que ha facilitado sean almacenados y utilizados por el responsable del tratamiento en el contexto de nuestra colaboraci\u00f3n. Sus datos se conservar\u00e1n hasta tres a\u00f1os despu\u00e9s de que finalice nuestra colaboraci\u00f3n. No se compartir\u00e1n con terceros sin su consentimiento expl\u00edcito. En cualquier momento puede solicitar la supresi\u00f3n o modificaci\u00f3n de sus datos escribiendo a contact@ecodestockage.fr.<\/p><h3>1.2.3 &#8211; \u00bfQu\u00e9 datos personales se recogen sobre m\u00ed y c\u00f3mo se recogen?<\/h3><p><strong>1. El formulario de contacto<\/strong><\/p><p>En nuestro sitio web utilizamos un formulario de contacto.<\/p><p>En este formulario, debe indicarnos su nombre, direcci\u00f3n de correo electr\u00f3nico, n\u00famero de tel\u00e9fono y la posibilidad de concertar una cita o solicitar la informaci\u00f3n que necesite.<\/p><p>Este formulario se utiliza para que pueda concertar una cita para una demostraci\u00f3n de nuestra soluci\u00f3n y, durante esta cita, discutir sus necesidades.<\/p><p><strong>2. Cookies<\/strong><\/p><p>En nuestro sitio web utilizamos cookies con fines estad\u00edsticos y de investigaci\u00f3n del rendimiento. Queremos saber el n\u00famero de visitantes, el tipo de visitante, el tiempo que pasa en el sitio web, el n\u00famero de p\u00e1ginas consultadas y el rendimiento de las distintas p\u00e1ginas. La finalidad de estas cookies es ayudarnos a ofrecerle la mejor experiencia posible en nuestro sitio web.<\/p><p>Estos datos se utilizan con fines de marketing y ventas para solicitudes de contacto.<\/p><p><strong>3. Borrar o bloquear cookies<\/strong><\/p><p>Si decide cambiar sus preferencias m\u00e1s adelante en su sesi\u00f3n de navegaci\u00f3n, puede hacer clic en la pesta\u00f1a \u00abGestionar su consentimiento\u00bb de su pantalla. Aparecer\u00e1 de nuevo el aviso de consentimiento que le permitir\u00e1 cambiar sus preferencias o retirar su consentimiento por completo.<\/p><p>Adem\u00e1s, los distintos navegadores ofrecen diferentes m\u00e9todos para bloquear y eliminar las cookies utilizadas por los sitios web. Puede cambiar la configuraci\u00f3n de su navegador para bloquear o eliminar las cookies. Para obtener m\u00e1s informaci\u00f3n sobre c\u00f3mo gestionar y eliminar las cookies, visite wikipedia.org, www.allaboutcookies.org.<\/p><h3>1.2.4 &#8211; \u00bfCon qu\u00e9 fundamento jur\u00eddico y durante cu\u00e1nto tiempo se tratan mis datos personales?<\/h3><p>Entre las bases jur\u00eddicas aplicables, el tratamiento de datos personales se basa en las siguientes:<\/p><p>Consentimiento: usted acepta el tratamiento de sus datos personales mediante consentimiento expreso (por ejemplo, casilla de verificaci\u00f3n al final del formulario de contacto, aceptaci\u00f3n de cookies a trav\u00e9s del banner de cookies). Puede retirar este consentimiento en cualquier momento.<\/p><p>ECO DESTOCKAGE tiene inter\u00e9s en que el tratamiento de sus datos est\u00e9 justificado, sea equilibrado y no vulnere su intimidad. Puede oponerse al tratamiento basado en el inter\u00e9s leg\u00edtimo en cualquier momento notific\u00e1ndolo a contact@ecodestockage.fr.<\/p><p>Los datos recogidos con el consentimiento expl\u00edcito del titular se suprimir\u00e1n transcurridos 24 meses si no se ha mantenido ning\u00fan contacto comercial con el titular.<\/p><h3>1.2.5 &#8211; \u00bfQui\u00e9n recibir\u00e1 mis datos?<\/h3><p>S\u00f3lo ECO DESTOCKAGE recibe sus datos. No se transfieren datos a terceros.<\/p><p>\u00bfC\u00f3mo puedo ejercer mis derechos en relaci\u00f3n con el uso de mis datos personales?<\/p><p>De conformidad con el Reglamento General de Protecci\u00f3n de Datos (RGPD), puede ejercer sus derechos (acceso, rectificaci\u00f3n, supresi\u00f3n, oposici\u00f3n, limitaci\u00f3n y portabilidad en su caso) por correo electr\u00f3nico: contact@ecodestockage.fr o por correo postal: ECO DESTOCKAGE, 105 Route d&#8217;Aix les Bains, 74150 RUMILLY.<\/p><p>El consentimiento para el uso de los datos personales debe ser expl\u00edcito, de lo contrario ECO DESTOCKAGE se compromete a no utilizar dichos datos.<\/p><p>Toda persona tiene derecho a solicitar al responsable del tratamiento el acceso a los datos personales, su rectificaci\u00f3n o supresi\u00f3n, o la limitaci\u00f3n de su tratamiento, as\u00ed como el derecho a oponerse al tratamiento y el derecho a la portabilidad de los datos y a retirar su consentimiento.<\/p><p>Con respecto al formulario de contacto, al utilizar este formulario de contacto, usted acepta que ECO DESTOCKAGE pueda ponerse en contacto con usted con fines comerciales.<\/p><p>ECO DESTOCKAGE se compromete a responder a su solicitud de acceso, rectificaci\u00f3n u oposici\u00f3n o a cualquier otra solicitud adicional de informaci\u00f3n en un plazo que no deber\u00e1 exceder de 1 mes a partir de la fecha de recepci\u00f3n de su solicitud.<\/p><p>Si considera que ECO DESTOCKAGE no cumple con sus obligaciones en relaci\u00f3n con su informaci\u00f3n personal, tiene derecho a presentar una reclamaci\u00f3n o una solicitud ante la autoridad competente, a saber, la CNIL.<\/p>\t\t\t\t\t\t<\/div>\n\t\t\t\t<\/div>\n\t\t\t\t\t<\/div>\n\t\t<\/div>\n\t\t\t\t\t<\/div>\n\t\t<\/section>\n\t\t\t\t<\/div>\n\t\t","protected":false},"excerpt":{"rendered":"<p>Privacidad y cookies 1.1 &#8211; Pol\u00edtica de cookies 1.1.1 &#8211; \u00bfQu\u00e9 es una cookie? Una \u00abcookie\u00bb es un archivo de tama\u00f1o limitado, generalmente formado por letras y n\u00fameros, enviado por el servidor web al archivo de cookies del navegador situado en el disco duro de su ordenador. Para saber m\u00e1s sobre las cookies, siga este&hellip;<\/p>\n","protected":false},"author":3,"featured_media":0,"parent":0,"menu_order":60,"comment_status":"closed","ping_status":"closed","template":"","meta":{"footnotes":""},"class_list":["post-47394","page","type-page","status-publish","hentry"],"_links":{"self":[{"href":"https:\/\/www.ecodestockage.fr\/es\/wp-json\/wp\/v2\/pages\/47394","targetHints":{"allow":["GET"]}}],"collection":[{"href":"https:\/\/www.ecodestockage.fr\/es\/wp-json\/wp\/v2\/pages"}],"about":[{"href":"https:\/\/www.ecodestockage.fr\/es\/wp-json\/wp\/v2\/types\/page"}],"author":[{"embeddable":true,"href":"https:\/\/www.ecodestockage.fr\/es\/wp-json\/wp\/v2\/users\/3"}],"replies":[{"embeddable":true,"href":"https:\/\/www.ecodestockage.fr\/es\/wp-json\/wp\/v2\/comments?post=47394"}],"version-history":[{"count":8,"href":"https:\/\/www.ecodestockage.fr\/es\/wp-json\/wp\/v2\/pages\/47394\/revisions"}],"predecessor-version":[{"id":47751,"href":"https:\/\/www.ecodestockage.fr\/es\/wp-json\/wp\/v2\/pages\/47394\/revisions\/47751"}],"wp:attachment":[{"href":"https:\/\/www.ecodestockage.fr\/es\/wp-json\/wp\/v2\/media?parent=47394"}],"curies":[{"name":"wp","href":"https:\/\/api.w.org\/{rel}","templated":true}]}}