{"id":47383,"date":"2018-06-26T15:28:12","date_gmt":"2018-06-26T13:28:12","guid":{"rendered":"https:\/\/www.ecodestockage.fr\/mentions-legales\/"},"modified":"2024-01-12T16:06:26","modified_gmt":"2024-01-12T15:06:26","slug":"informacion-juridica","status":"publish","type":"page","link":"https:\/\/www.ecodestockage.fr\/es\/informacion-juridica\/","title":{"rendered":"Informaci\u00f3n jur\u00eddica"},"content":{"rendered":"\t\t<div data-elementor-type=\"wp-page\" data-elementor-id=\"47383\" class=\"elementor elementor-47383 elementor-977\" data-elementor-post-type=\"page\">\n\t\t\t\t\t\t<section class=\"elementor-section elementor-top-section elementor-element elementor-element-6abe12c elementor-section-stretched elementor-section-boxed elementor-section-height-default elementor-section-height-default\" data-id=\"6abe12c\" data-element_type=\"section\" data-settings=\"{&quot;stretch_section&quot;:&quot;section-stretched&quot;,&quot;background_background&quot;:&quot;classic&quot;}\">\n\t\t\t\t\t\t<div class=\"elementor-container elementor-column-gap-default\">\n\t\t\t\t\t<div class=\"elementor-column elementor-col-100 elementor-top-column elementor-element elementor-element-f6d0053\" data-id=\"f6d0053\" data-element_type=\"column\">\n\t\t\t<div class=\"elementor-widget-wrap elementor-element-populated\">\n\t\t\t\t\t\t<div class=\"elementor-element elementor-element-35f5925 elementor-widget elementor-widget-heading\" data-id=\"35f5925\" data-element_type=\"widget\" data-widget_type=\"heading.default\">\n\t\t\t\t<div class=\"elementor-widget-container\">\n\t\t\t<h1 class=\"elementor-heading-title elementor-size-default\">Informaci\u00f3n jur\u00eddica<\/h1>\t\t<\/div>\n\t\t\t\t<\/div>\n\t\t\t\t<div class=\"elementor-element elementor-element-166cdb8 elementor-widget-divider--view-line elementor-widget elementor-widget-divider\" data-id=\"166cdb8\" data-element_type=\"widget\" data-widget_type=\"divider.default\">\n\t\t\t\t<div class=\"elementor-widget-container\">\n\t\t\t\t\t<div class=\"elementor-divider\">\n\t\t\t<span class=\"elementor-divider-separator\">\n\t\t\t\t\t\t<\/span>\n\t\t<\/div>\n\t\t\t\t<\/div>\n\t\t\t\t<\/div>\n\t\t\t\t\t<\/div>\n\t\t<\/div>\n\t\t\t\t\t<\/div>\n\t\t<\/section>\n\t\t\t\t<section class=\"elementor-section elementor-top-section elementor-element elementor-element-f00e1e6 elementor-section-boxed elementor-section-height-default elementor-section-height-default\" data-id=\"f00e1e6\" data-element_type=\"section\">\n\t\t\t\t\t\t<div class=\"elementor-container elementor-column-gap-default\">\n\t\t\t\t\t<div class=\"elementor-column elementor-col-100 elementor-top-column elementor-element elementor-element-add3f83\" data-id=\"add3f83\" data-element_type=\"column\">\n\t\t\t<div class=\"elementor-widget-wrap elementor-element-populated\">\n\t\t\t\t\t\t<div class=\"elementor-element elementor-element-a1b35b4 elementor-widget elementor-widget-text-editor\" data-id=\"a1b35b4\" data-element_type=\"widget\" data-widget_type=\"text-editor.default\">\n\t\t\t\t<div class=\"elementor-widget-container\">\n\t\t\t\t\t\t\t<h3>\u00bfQui\u00e9nes somos?<\/h3><p>La direcci\u00f3n de nuestro sitio web es : www.ecodestokage.fr<\/p><h3>Editorial<\/h3><p>El sitio web est\u00e1 editado por Fabrice Bigeard<br \/>ECO DESTCOKAGE<br \/>105 Route d\u2019Aix les Bains<br \/>74150 RUMILLY<\/p><p>contact@ecodestockage.fr<br \/>06.62.55.70.03<br \/>&#8212;<br \/>Siret : 88523163900018<\/p><h3>Anfitri\u00f3n<\/h3><p>Est\u00e1 alojado en :<\/p><p>OVH<br \/>2 rue Kellermann<br \/>59100 Roubaix \u2014 France.<br \/><a href=\"https:\/\/www.ovh.com\/\" target=\"_blank\" rel=\"noopener\">https:\/\/www.ovh.com\/<\/a><\/p><h3>Web design :<\/h3><p><a href=\"https:\/\/www.procomag.ch\" target=\"_blank\" rel=\"noopener noreferrer\">Agence Procomag<\/a><\/p><h3>Fotos y v\u00eddeos :<\/h3><p>Pixabay<br \/>Unsplash<br \/>Deposit Photos<br \/>Envato Elements<br \/>Icon8<br \/>Eco D\u00e9stockage<\/p><h3>Confidencialidad y pol\u00edtica de cookies :<\/h3><p><a href=\"https:\/\/www.ecodestockage.fr\/es\/politica-de-privacidad-y-cookies\/\">&gt;&gt; Consulte nuestra pol\u00edtica de privacidad y cookies<\/a><\/p><h3>Legislaci\u00f3n aplicable<\/h3><p>Este sitio web y el presente aviso legal se rigen por la legislaci\u00f3n francesa.<\/p>\t\t\t\t\t\t<\/div>\n\t\t\t\t<\/div>\n\t\t\t\t\t<\/div>\n\t\t<\/div>\n\t\t\t\t\t<\/div>\n\t\t<\/section>\n\t\t\t\t<\/div>\n\t\t","protected":false},"excerpt":{"rendered":"<p>Informaci\u00f3n jur\u00eddica \u00bfQui\u00e9nes somos? La direcci\u00f3n de nuestro sitio web es : www.ecodestokage.fr Editorial El sitio web est\u00e1 editado por Fabrice BigeardECO DESTCOKAGE105 Route d\u2019Aix les Bains74150 RUMILLY contact@ecodestockage.fr06.62.55.70.03&#8212;Siret : 88523163900018 Anfitri\u00f3n Est\u00e1 alojado en : OVH2 rue Kellermann59100 Roubaix \u2014 France.https:\/\/www.ovh.com\/ Web design : Agence Procomag Fotos y v\u00eddeos : PixabayUnsplashDeposit PhotosEnvato ElementsIcon8Eco D\u00e9stockage&hellip;<\/p>\n","protected":false},"author":2,"featured_media":0,"parent":0,"menu_order":60,"comment_status":"closed","ping_status":"closed","template":"","meta":{"footnotes":""},"class_list":["post-47383","page","type-page","status-publish","hentry"],"_links":{"self":[{"href":"https:\/\/www.ecodestockage.fr\/es\/wp-json\/wp\/v2\/pages\/47383","targetHints":{"allow":["GET"]}}],"collection":[{"href":"https:\/\/www.ecodestockage.fr\/es\/wp-json\/wp\/v2\/pages"}],"about":[{"href":"https:\/\/www.ecodestockage.fr\/es\/wp-json\/wp\/v2\/types\/page"}],"author":[{"embeddable":true,"href":"https:\/\/www.ecodestockage.fr\/es\/wp-json\/wp\/v2\/users\/2"}],"replies":[{"embeddable":true,"href":"https:\/\/www.ecodestockage.fr\/es\/wp-json\/wp\/v2\/comments?post=47383"}],"version-history":[{"count":10,"href":"https:\/\/www.ecodestockage.fr\/es\/wp-json\/wp\/v2\/pages\/47383\/revisions"}],"predecessor-version":[{"id":47755,"href":"https:\/\/www.ecodestockage.fr\/es\/wp-json\/wp\/v2\/pages\/47383\/revisions\/47755"}],"wp:attachment":[{"href":"https:\/\/www.ecodestockage.fr\/es\/wp-json\/wp\/v2\/media?parent=47383"}],"curies":[{"name":"wp","href":"https:\/\/api.w.org\/{rel}","templated":true}]}}