{"id":47391,"date":"2023-11-14T11:18:38","date_gmt":"2023-11-14T10:18:38","guid":{"rendered":"https:\/\/www.ecodestockage.fr\/privacy-and-cookies-policy\/"},"modified":"2024-01-12T14:34:58","modified_gmt":"2024-01-12T13:34:58","slug":"datenschutz-und-cookie-richtlinie","status":"publish","type":"page","link":"https:\/\/www.ecodestockage.fr\/de\/datenschutz-und-cookie-richtlinie\/","title":{"rendered":"Datenschutz und Cookie-Richtlinie"},"content":{"rendered":"\t\t<div data-elementor-type=\"wp-page\" data-elementor-id=\"47391\" class=\"elementor elementor-47391 elementor-47048\" data-elementor-post-type=\"page\">\n\t\t\t\t\t\t<section class=\"elementor-section elementor-top-section elementor-element elementor-element-6abe12c elementor-section-stretched elementor-section-boxed elementor-section-height-default elementor-section-height-default\" data-id=\"6abe12c\" data-element_type=\"section\" data-settings=\"{&quot;stretch_section&quot;:&quot;section-stretched&quot;,&quot;background_background&quot;:&quot;classic&quot;}\">\n\t\t\t\t\t\t<div class=\"elementor-container elementor-column-gap-default\">\n\t\t\t\t\t<div class=\"elementor-column elementor-col-100 elementor-top-column elementor-element elementor-element-f6d0053\" data-id=\"f6d0053\" data-element_type=\"column\">\n\t\t\t<div class=\"elementor-widget-wrap elementor-element-populated\">\n\t\t\t\t\t\t<div class=\"elementor-element elementor-element-35f5925 elementor-widget elementor-widget-heading\" data-id=\"35f5925\" data-element_type=\"widget\" data-widget_type=\"heading.default\">\n\t\t\t\t<div class=\"elementor-widget-container\">\n\t\t\t<h1 class=\"elementor-heading-title elementor-size-default\">Datenschutz & Cookies<\/h1>\t\t<\/div>\n\t\t\t\t<\/div>\n\t\t\t\t<div class=\"elementor-element elementor-element-166cdb8 elementor-widget-divider--view-line elementor-widget elementor-widget-divider\" data-id=\"166cdb8\" data-element_type=\"widget\" data-widget_type=\"divider.default\">\n\t\t\t\t<div class=\"elementor-widget-container\">\n\t\t\t\t\t<div class=\"elementor-divider\">\n\t\t\t<span class=\"elementor-divider-separator\">\n\t\t\t\t\t\t<\/span>\n\t\t<\/div>\n\t\t\t\t<\/div>\n\t\t\t\t<\/div>\n\t\t\t\t\t<\/div>\n\t\t<\/div>\n\t\t\t\t\t<\/div>\n\t\t<\/section>\n\t\t\t\t<section class=\"elementor-section elementor-top-section elementor-element elementor-element-f00e1e6 elementor-section-boxed elementor-section-height-default elementor-section-height-default\" data-id=\"f00e1e6\" data-element_type=\"section\">\n\t\t\t\t\t\t<div class=\"elementor-container elementor-column-gap-default\">\n\t\t\t\t\t<div class=\"elementor-column elementor-col-100 elementor-top-column elementor-element elementor-element-add3f83\" data-id=\"add3f83\" data-element_type=\"column\">\n\t\t\t<div class=\"elementor-widget-wrap elementor-element-populated\">\n\t\t\t\t\t\t<div class=\"elementor-element elementor-element-a1b35b4 elementor-widget elementor-widget-text-editor\" data-id=\"a1b35b4\" data-element_type=\"widget\" data-widget_type=\"text-editor.default\">\n\t\t\t\t<div class=\"elementor-widget-container\">\n\t\t\t\t\t\t\t<h2>1.1 &#8211; Die Cookie-Richtlinie<\/h2><h3>1.1.1 &#8211; Was ist ein Cookie<\/h3><p>Ein &#8222;Cookie&#8220; ist eine Datei begrenzter Gr\u00f6\u00dfe, die in der Regel aus Buchstaben und Zahlen besteht und vom Internetserver an die Cookie-Datei des Browsers auf der Festplatte Ihres Computers gesendet wird.<\/p><p>Um mehr \u00fcber Cookies zu erfahren, k\u00f6nnen Sie diesem von der CNIL angebotenen <a href=\"https:\/\/www.cnil.fr\/fr\/cookies-et-autres-traceurs\/comment-se-proteger\/maitriser-votre-navigateur\" target=\"_blank\" rel=\"noopener\">Link<\/a> folgen. Dies wird Ihnen insbesondere Methoden an die Hand geben, wie Sie Cookies \u00fcber Ihren Browser einstellen und blockieren k\u00f6nnen, wenn Sie dies w\u00fcnschen.<\/p><h5 style=\"margin-bottom: 20px;\">Cookie-Einstellungen verwalten<\/h5><p><button class=\"cky-banner-element\">\u00c4ndern der Cookie-Einstellungen<\/button><\/p><h3>1.1.2 &#8211; DIE VERSCHIEDENEN ARTEN VON COOKIES<\/h3><div><p>Diese Cookies k\u00f6nnen sich \u00e4ndern. Wir bem\u00fchen uns, die Liste der auf unserer Website identifizierten Cookies regelm\u00e4\u00dfig zu aktualisieren.<\/p><p><strong>Notwendig\/Essentiell:<\/strong> Einige Cookies sind unerl\u00e4sslich, damit Sie alle Funktionen unserer Website nutzen k\u00f6nnen. Sie erm\u00f6glichen es uns, Nutzersitzungen aufrechtzuerhalten und Sicherheitsbedrohungen zu verhindern. Sie sammeln oder speichern keine pers\u00f6nlichen Informationen. Diese Cookies erm\u00f6glichen es Ihnen beispielsweise, sich in Ihr Konto einzuloggen, Produkte in Ihren Warenkorb zu legen und sicher zur Kasse zu gehen.<br \/><br \/><strong>Nicht notwendig:<\/strong> Alle Cookies, die f\u00fcr den Betrieb der Website nicht besonders notwendig sind und die speziell dazu verwendet werden, pers\u00f6nliche Daten des Nutzers durch Analysen, Werbung und andere eingebettete Inhalte zu sammeln, werden als nicht notwendige Cookies bezeichnet. Es ist zwingend erforderlich, die Zustimmung des Nutzers einzuholen, bevor Sie diese Cookies auf Ihrer Website verwenden.<\/p><\/div><div>\u00a0<\/div><div><strong>Analytik\/Statistik:<\/strong> Diese Cookies speichern Informationen wie die Anzahl der Besucher der Website, die Anzahl der eindeutigen Besucher, die besuchten Seiten der Website, die Quelle des Besuchs usw. Diese Daten helfen uns dabei, die Leistung der Website zu verstehen und zu analysieren und festzustellen, was wir verbessern k\u00f6nnen.<br \/><br \/><strong>Werbung\/Marketing:<\/strong> Diese Cookies werden verwendet, um die Werbung, die wir Ihnen zeigen, so anzupassen, dass sie f\u00fcr Sie von Bedeutung ist. Diese Cookies helfen uns auch dabei, die Wirksamkeit dieser Werbekampagnen zu verfolgen.Die in diesen Cookies gespeicherten Informationen k\u00f6nnen auch von Drittanbietern von Werbung verwendet werden, um Ihnen Werbung auf anderen Websites auch im Browser zu zeigen.<br \/><br \/><strong>Funktional:<\/strong> Dies sind Cookies, die bestimmte nicht wesentliche Funktionen auf unserer Website unterst\u00fctzen. Zu diesen Funktionen geh\u00f6ren das Einbetten von Inhalten wie Videos oder das Teilen von Inhalten der Website auf Social-Media-Plattformen.<br \/><br \/><strong>Pr\u00e4ferenzen:<\/strong> Diese Cookies helfen uns dabei, Ihre Browsereinstellungen und -pr\u00e4ferenzen, wie z. B. Spracheinstellungen, zu speichern, damit Sie bei Ihren n\u00e4chsten Besuchen auf der Website eine bessere und effektivere Erfahrung machen k\u00f6nnen.<\/div><div>\u00a0<\/div><div><strong>Leistung:<\/strong> Leistungs-Cookies werden verwendet, um die wichtigsten Leistungskennzahlen der Website zu verstehen und zu analysieren und so den Besuchern eine bessere Nutzererfahrung zu bieten.<br \/><br \/><strong>Sonstige:<\/strong> Sonstige nicht kategorisierte Cookies sind Cookies, die analysiert werden und noch keiner Kategorie zugeordnet wurden.<\/div><div>\u00a0<\/div><h5>Arten von Cookies, die wir verwenden<\/h5><div class=\"cky-audit-table-element\">\u00a0<\/div><h2>1.2 &#8211; Richtlinie zum Schutz pers\u00f6nlicher Daten<\/h2><h3>1.2.1 &#8211; Wer ist der Verantwortliche f\u00fcr die Verarbeitung meiner personenbezogenen Daten?<\/h3><p>Die auf der Website www.ecodestockage.fr erhobenen personenbezogenen Daten werden von :<\/p><p>Fabrice Bigeard<br \/>ECO DESTOCKAGE<br \/>105 Route d\u2019Aix les Bains<br \/>74150 RUMILLY<\/p><p>contact@ecodestockage.fr<br \/>06 62 55 70 03<\/p><p>Der Verantwortliche f\u00fcr die Verarbeitung der erfassten personenbezogenen Daten wird im Folgenden unver\u00e4ndert zitiert: &#8222;ECO DESTOCKAGE&#8220;.<\/p><h3>1.2.2 &#8211; Warum werden Ihre pers\u00f6nlichen Daten gesammelt?<\/h3><p>Die \u00fcber die Website gesammelten Daten (Kontaktformular zur Terminvereinbarung, Newsletter-Anmeldung, Kontakt zu sozialen Netzwerken, Kontoerstellung) werden nur dann zu kommerziellen Zwecken verwendet, wenn der Eigent\u00fcmer dieser Informationen ausdr\u00fccklich zustimmt. Zum Beispiel: Zustimmung zu den AGB bei der Kontaktanfrage.<\/p><p>Was das Kontaktformular betrifft, so erkl\u00e4ren Sie sich durch das Ausf\u00fcllen des Formulars damit einverstanden, dass die von Ihnen so eingegebenen Daten von dem f\u00fcr die Verarbeitung Verantwortlichen im Rahmen unserer Zusammenarbeit gespeichert und verwendet werden. Ihre Daten werden bis zu drei Jahre nach Beendigung unserer Zusammenarbeit aufbewahrt. Sie werden ohne Ihre ausdr\u00fcckliche Zustimmung nicht an dritte Strukturen oder Personen weitergegeben. Sie k\u00f6nnen jederzeit ihre L\u00f6schung oder \u00c4nderung verlangen, indem Sie eine E-Mail an contact@ecodestockage.fr schreiben.<\/p><h3>1.2.3 &#8211; Welche pers\u00f6nlichen Daten werden \u00fcber mich gesammelt und wie werden sie gesammelt?<\/h3><p><strong>1. Das Kontaktformular<\/strong><\/p><p>Wir verwenden auf unserer Website ein Kontaktformular.<\/p><p>In diesem Formular m\u00fcssen Sie uns Ihren Namen, Ihre E-Mail-Adresse, Ihre Telefonnummer und die M\u00f6glichkeit angeben, einen Termin zu vereinbaren oder alle Informationen anzufordern, die Sie ben\u00f6tigen.<\/p><p>Dieses Formular wird verwendet, damit Sie einen Termin f\u00fcr eine Demonstration unserer L\u00f6sung vereinbaren und sich bei diesem Termin \u00fcber Ihre Bed\u00fcrfnisse austauschen k\u00f6nnen.<\/p><p><strong>2. Die Cookies<\/strong><\/p><p>Wir verwenden Cookies auf unserer Website, um statistische Studien durchzuf\u00fchren und die Leistung unserer Website zu verbessern. Wir m\u00f6chten die Anzahl der Besucher, den Typ der Besucher, die auf der Website verbrachte Zeit, die Anzahl der aufgerufenen Seiten und die Leistung der verschiedenen Seiten kennen. Der Zweck dieser Cookies ist es, uns dabei zu helfen, Ihnen die bestm\u00f6gliche Erfahrung auf unserer Website zu bieten.<\/p><p>Diese Daten werden zu Marketing- und Gesch\u00e4ftszwecken f\u00fcr Kontaktanfragen verwendet.<\/p><p><strong>3. L\u00f6schen oder Blockieren von Cookies<\/strong><\/p><p>Wenn Sie sich dazu entschlie\u00dfen, Ihre Einstellungen sp\u00e4ter w\u00e4hrend Ihrer Browsersitzung zu \u00e4ndern, k\u00f6nnen Sie auf Ihrem Bildschirm auf die Registerkarte &#8222;Verwalten Sie Ihre Zustimmung&#8220; klicken. Dadurch wird der Hinweis zur Zustimmung erneut angezeigt, sodass Sie Ihre Einstellungen \u00e4ndern oder Ihre Zustimmung vollst\u00e4ndig zur\u00fcckziehen k\u00f6nnen.<\/p><p>Dar\u00fcber hinaus bieten die verschiedenen Browser unterschiedliche Methoden zum Blockieren und L\u00f6schen von Cookies, die von Websites verwendet werden. Sie k\u00f6nnen die Einstellungen Ihres Browsers \u00e4ndern, um Cookies zu blockieren\/l\u00f6schen. Weitere Informationen dar\u00fcber, wie Sie Cookies verwalten und l\u00f6schen k\u00f6nnen, finden Sie auf wikipedia.org unter www.allaboutcookies.org.<\/p><h3>1.2.4 &#8211; Auf welcher Rechtsgrundlage und f\u00fcr welche Dauer werden meine pers\u00f6nlichen Daten verarbeitet?<\/h3><p>Unter den anwendbaren Rechtsgrundlagen beruht die Verarbeitung personenbezogener Daten auf den folgenden:<\/p><p>Einwilligung: Sie stimmen der Verarbeitung Ihrer personenbezogenen Daten durch eine ausdr\u00fcckliche Einwilligung zu (Beispiel: Kontrollk\u00e4stchen am Ende des Kontaktformulars, Annahme von Cookies \u00fcber den Cookie-Banner). Sie k\u00f6nnen diese Zustimmung jederzeit widerrufen.<\/p><p>ECO DESTOCKAGE hat ein Interesse an der Verarbeitung Ihrer Daten, das gerechtfertigt und ausgewogen ist und Ihre Privatsph\u00e4re nicht beeintr\u00e4chtigt. Sie k\u00f6nnen jederzeit gegen eine Verarbeitung auf der Grundlage eines berechtigten Interesses Widerspruch einlegen, indem Sie dies an contact@ecodestockage.fr melden.<\/p><p>Daten, die mit ausdr\u00fccklicher Zustimmung des Eigent\u00fcmers gesammelt wurden, werden nach 24 Monaten gel\u00f6scht, wenn kein gesch\u00e4ftlicher Kontakt mit dem Eigent\u00fcmer mehr besteht.<\/p><h3>1.2.5 &#8211; Wer sind die Empf\u00e4nger meiner Daten?<\/h3><p>Nur ECO DESTOCKAGE ist Empf\u00e4nger Ihrer Daten. Es findet keine Weitergabe von Daten an Dritte statt.<\/p><p>Wie kann ich meine Rechte in Bezug auf die Verwendung personenbezogener Daten geltend machen?<\/p><p>Gem\u00e4\u00df der Allgemeinen Datenschutzverordnung (DSGVO) k\u00f6nnen Sie Ihre Rechte (Zugang, Berichtigung, L\u00f6schung, Widerspruch, Einschr\u00e4nkung und ggf. \u00dcbertragbarkeit) entweder per E-Mail: contact@ecodestockage.fr oder per Post: ECO DESTOCKAGE, 105 Route d&#8217;Aix les Bains, 74150 RUMILLY, aus\u00fcben.<\/p><p>Die Zustimmung zur Verwendung personenbezogener Daten muss ausdr\u00fccklich erfolgen, andernfalls verpflichtet sich ECO DESTOCKAGE, diese Daten nicht zu verwenden.<\/p><p>Jede Person hat das Recht, von dem f\u00fcr die Verarbeitung Verantwortlichen Zugang zu personenbezogenen Daten, die Berichtigung oder L\u00f6schung dieser Daten oder eine Einschr\u00e4nkung der Verarbeitung in Bezug auf die betroffene Person zu verlangen, oder das Recht, sich der Verarbeitung zu widersetzen und das Recht auf Daten\u00fcbertragbarkeit und den Widerruf ihrer Einwilligung.<\/p><p>Bez\u00fcglich des Kontaktformulars: Durch die Nutzung dieses Kontaktformulars erkl\u00e4ren Sie sich damit einverstanden, dass ECO DESTOCKAGE Sie zu Marketingzwecken erneut kontaktiert.<\/p><p>ECO DESTOCKAGE verpflichtet sich, Ihren Antrag auf Zugang, Berichtigung oder Widerspruch oder jede andere zus\u00e4tzliche Informationsanfrage innerhalb eines Zeitraums zu beantworten, der einen Monat nach Erhalt Ihrer Anfrage nicht \u00fcberschreiten sollte.<\/p><p>Wenn Sie der Ansicht sind, dass ECO DESTOCKAGE seinen Verpflichtungen in Bezug auf Ihre personenbezogenen Daten nicht nachkommt, haben Sie das Recht, eine Beschwerde oder eine Anfrage an die zust\u00e4ndige Beh\u00f6rde, d. h. die CNIL, zu richten.<\/p>\t\t\t\t\t\t<\/div>\n\t\t\t\t<\/div>\n\t\t\t\t\t<\/div>\n\t\t<\/div>\n\t\t\t\t\t<\/div>\n\t\t<\/section>\n\t\t\t\t<\/div>\n\t\t","protected":false},"excerpt":{"rendered":"<p>Datenschutz &#038; Cookies 1.1 &#8211; Die Cookie-Richtlinie 1.1.1 &#8211; Was ist ein Cookie Ein &#8222;Cookie&#8220; ist eine Datei begrenzter Gr\u00f6\u00dfe, die in der Regel aus Buchstaben und Zahlen besteht und vom Internetserver an die Cookie-Datei des Browsers auf der Festplatte Ihres Computers gesendet wird. Um mehr \u00fcber Cookies zu erfahren, k\u00f6nnen Sie diesem von der&hellip;<\/p>\n","protected":false},"author":3,"featured_media":0,"parent":0,"menu_order":60,"comment_status":"closed","ping_status":"closed","template":"","meta":{"footnotes":""},"class_list":["post-47391","page","type-page","status-publish","hentry"],"_links":{"self":[{"href":"https:\/\/www.ecodestockage.fr\/de\/wp-json\/wp\/v2\/pages\/47391","targetHints":{"allow":["GET"]}}],"collection":[{"href":"https:\/\/www.ecodestockage.fr\/de\/wp-json\/wp\/v2\/pages"}],"about":[{"href":"https:\/\/www.ecodestockage.fr\/de\/wp-json\/wp\/v2\/types\/page"}],"author":[{"embeddable":true,"href":"https:\/\/www.ecodestockage.fr\/de\/wp-json\/wp\/v2\/users\/3"}],"replies":[{"embeddable":true,"href":"https:\/\/www.ecodestockage.fr\/de\/wp-json\/wp\/v2\/comments?post=47391"}],"version-history":[{"count":10,"href":"https:\/\/www.ecodestockage.fr\/de\/wp-json\/wp\/v2\/pages\/47391\/revisions"}],"predecessor-version":[{"id":47678,"href":"https:\/\/www.ecodestockage.fr\/de\/wp-json\/wp\/v2\/pages\/47391\/revisions\/47678"}],"wp:attachment":[{"href":"https:\/\/www.ecodestockage.fr\/de\/wp-json\/wp\/v2\/media?parent=47391"}],"curies":[{"name":"wp","href":"https:\/\/api.w.org\/{rel}","templated":true}]}}